{"id":2,"date":"2021-01-29T22:58:17","date_gmt":"2021-01-29T22:58:17","guid":{"rendered":"http:\/\/206.81.21.238\/?page_id=2"},"modified":"2025-02-17T11:22:16","modified_gmt":"2025-02-17T10:22:16","slug":"sample-page","status":"publish","type":"page","link":"https:\/\/itfactory.hr\/?page_id=2","title":{"rendered":"\u0160to radimo?"},"content":{"rendered":"\n<h2 class=\"wp-block-heading\">Digitalizacija<\/h2>\n\n\n\n<p>Koristimo na\u0161u stru\u010dnost u podru\u010dju digitalizacije da ostvarimo ideje iz IT-ja, stvorimo kompleksni softver i osiguramo pouzdanu integraciju. <\/p>\n\n\n\n<h2 class=\"wp-block-heading\">Konzalting iz podru\u010dja Fintech-a i financijskih usluga<\/h2>\n\n\n\n<p>Imamo odgovore na sva va\u0161a pitanja o tehnologiji i tr\u017ei\u0161tima s dubokim razumijevanjem regulative iz podru\u010dja bankarstva i fintecha.<\/p>\n\n\n\n<h2 class=\"wp-block-heading\">Odnosi s javno\u0161\u0107u<\/h2>\n\n\n\n<p>Kreiramo za vas sveobuhvatne PR strategije, pi\u0161emo priop\u0107enja za medije, komuniciramo s relevantnim medijima. <\/p>\n\n\n\n<h2 class=\"wp-block-heading\">Digitalni marketing<\/h2>\n\n\n\n<p>Izra\u0111ujemo planove digitanog marketinga, ogla\u0161avanja, marketinga na dru\u0161tvenim mre\u017eama, pi\u0161emo blogove i organiziramo influencer marketing. <\/p>\n\n\n\n<h2 class=\"wp-block-heading\">Marketing sadr\u017eaja<\/h2>\n\n\n\n<p>Kreiramo zanimljiv i koristan sadr\u017eaj za online i offline kanale i povezujemo vas s klju\u010dnim influencerima da potaknemo ljude da pri\u010daju o vama. <\/p>\n\n\n\n<h2 class=\"wp-block-heading\">Predavanja i radionice<\/h2>\n\n\n\n<p>Provodimo edukacije (predavanja i radionice) iz podru\u010dja digitalnog marketinga i marketinga u sportu.<\/p>\n\n\n\n<p><\/p>\n","protected":false},"excerpt":{"rendered":"<p>Digitalizacija Koristimo na\u0161u stru\u010dnost u podru\u010dju digitalizacije da ostvarimo ideje iz IT-ja, stvorimo kompleksni softver i osiguramo pouzdanu integraciju. Konzalting iz podru\u010dja Fintech-a i financijskih usluga Imamo odgovore na sva va\u0161a pitanja o tehnologiji i tr\u017ei\u0161tima s dubokim razumijevanjem regulative iz podru\u010dja bankarstva i fintecha. Odnosi s javno\u0161\u0107u Kreiramo za vas sveobuhvatne PR strategije, pi\u0161emo &hellip; <\/p>\n<p class=\"link-more\"><a href=\"https:\/\/itfactory.hr\/?page_id=2\" class=\"more-link\">Continue reading<span class=\"screen-reader-text\"> &#8220;\u0160to radimo?&#8221;<\/span><\/a><\/p>\n","protected":false},"author":1,"featured_media":102,"parent":0,"menu_order":0,"comment_status":"closed","ping_status":"open","template":"","meta":{"_monsterinsights_skip_tracking":false,"_monsterinsights_sitenote_active":false,"_monsterinsights_sitenote_note":"","_monsterinsights_sitenote_category":0,"footnotes":""},"class_list":["post-2","page","type-page","status-publish","has-post-thumbnail","hentry"],"_links":{"self":[{"href":"https:\/\/itfactory.hr\/index.php?rest_route=\/wp\/v2\/pages\/2","targetHints":{"allow":["GET"]}}],"collection":[{"href":"https:\/\/itfactory.hr\/index.php?rest_route=\/wp\/v2\/pages"}],"about":[{"href":"https:\/\/itfactory.hr\/index.php?rest_route=\/wp\/v2\/types\/page"}],"author":[{"embeddable":true,"href":"https:\/\/itfactory.hr\/index.php?rest_route=\/wp\/v2\/users\/1"}],"replies":[{"embeddable":true,"href":"https:\/\/itfactory.hr\/index.php?rest_route=%2Fwp%2Fv2%2Fcomments&post=2"}],"version-history":[{"count":7,"href":"https:\/\/itfactory.hr\/index.php?rest_route=\/wp\/v2\/pages\/2\/revisions"}],"predecessor-version":[{"id":174,"href":"https:\/\/itfactory.hr\/index.php?rest_route=\/wp\/v2\/pages\/2\/revisions\/174"}],"wp:featuredmedia":[{"embeddable":true,"href":"https:\/\/itfactory.hr\/index.php?rest_route=\/wp\/v2\/media\/102"}],"wp:attachment":[{"href":"https:\/\/itfactory.hr\/index.php?rest_route=%2Fwp%2Fv2%2Fmedia&parent=2"}],"curies":[{"name":"wp","href":"https:\/\/api.w.org\/{rel}","templated":true}]}}