{"id":10,"date":"2021-02-02T14:40:49","date_gmt":"2021-02-02T14:40:49","guid":{"rendered":"https:\/\/itfactory.hr\/?page_id=10"},"modified":"2025-02-17T11:27:42","modified_gmt":"2025-02-17T10:27:42","slug":"about","status":"publish","type":"page","link":"https:\/\/itfactory.hr\/?page_id=10","title":{"rendered":"Tko smo mi?"},"content":{"rendered":"\n<p>Kreiramo iskustva koja olak\u0161avaju svakodnevne poslovne izazove. <\/p>\n\n\n\n<p>Mi smo konzultantska tvrtka za digitalnu transformaciju, razvoj softvera i marketin\u0161ke usluge. <\/p>\n\n\n\n<h2 class=\"wp-block-heading\">Po \u010demu se razlikujemo od drugih?<\/h2>\n\n\n\n<p>Na\u0161a mogu\u0107nost da se prilagodimo potrebama klijenata, provedemo potrebna istra\u017eivanja i razvijemo proizvode i strategije koje zaista djeluju u praksi. <\/p>\n\n\n\n<p>Na\u0161a \u0161iroka mre\u017ea stru\u010dnjaka iz IT-ja, razvoja softvera i marketinga, radi zajedno na svim projektima koji su stavljeni pred nas. <\/p>\n","protected":false},"excerpt":{"rendered":"<p>Kreiramo iskustva koja olak\u0161avaju svakodnevne poslovne izazove. Mi smo konzultantska tvrtka za digitalnu transformaciju, razvoj softvera i marketin\u0161ke usluge. Po \u010demu se razlikujemo od drugih? Na\u0161a mogu\u0107nost da se prilagodimo potrebama klijenata, provedemo potrebna istra\u017eivanja i razvijemo proizvode i strategije koje zaista djeluju u praksi. Na\u0161a \u0161iroka mre\u017ea stru\u010dnjaka iz IT-ja, razvoja softvera i marketinga, &hellip; <\/p>\n<p class=\"link-more\"><a href=\"https:\/\/itfactory.hr\/?page_id=10\" class=\"more-link\">Continue reading<span class=\"screen-reader-text\"> &#8220;Tko smo mi?&#8221;<\/span><\/a><\/p>\n","protected":false},"author":1,"featured_media":30,"parent":0,"menu_order":0,"comment_status":"closed","ping_status":"closed","template":"","meta":{"_monsterinsights_skip_tracking":false,"_monsterinsights_sitenote_active":false,"_monsterinsights_sitenote_note":"","_monsterinsights_sitenote_category":0,"footnotes":""},"class_list":["post-10","page","type-page","status-publish","has-post-thumbnail","hentry"],"_links":{"self":[{"href":"https:\/\/itfactory.hr\/index.php?rest_route=\/wp\/v2\/pages\/10","targetHints":{"allow":["GET"]}}],"collection":[{"href":"https:\/\/itfactory.hr\/index.php?rest_route=\/wp\/v2\/pages"}],"about":[{"href":"https:\/\/itfactory.hr\/index.php?rest_route=\/wp\/v2\/types\/page"}],"author":[{"embeddable":true,"href":"https:\/\/itfactory.hr\/index.php?rest_route=\/wp\/v2\/users\/1"}],"replies":[{"embeddable":true,"href":"https:\/\/itfactory.hr\/index.php?rest_route=%2Fwp%2Fv2%2Fcomments&post=10"}],"version-history":[{"count":9,"href":"https:\/\/itfactory.hr\/index.php?rest_route=\/wp\/v2\/pages\/10\/revisions"}],"predecessor-version":[{"id":176,"href":"https:\/\/itfactory.hr\/index.php?rest_route=\/wp\/v2\/pages\/10\/revisions\/176"}],"wp:featuredmedia":[{"embeddable":true,"href":"https:\/\/itfactory.hr\/index.php?rest_route=\/wp\/v2\/media\/30"}],"wp:attachment":[{"href":"https:\/\/itfactory.hr\/index.php?rest_route=%2Fwp%2Fv2%2Fmedia&parent=10"}],"curies":[{"name":"wp","href":"https:\/\/api.w.org\/{rel}","templated":true}]}}